{"id":67,"date":"2022-06-29T13:43:52","date_gmt":"2022-06-29T13:43:52","guid":{"rendered":"https:\/\/www.padifood.nl\/de\/jobs\/"},"modified":"2025-04-14T12:05:25","modified_gmt":"2025-04-14T12:05:25","slug":"jobs","status":"publish","type":"page","link":"https:\/\/www.padifood.nl\/de\/jobs\/","title":{"rendered":"Jobs"},"content":{"rendered":"\n<style type=\"text\/css\" data-created_by=\"avia_inline_auto\" id=\"style-css-av-l8lyxm60-eebd498e4d9545cf87714bc190796c12\">\n.avia-section.av-l8lyxm60-eebd498e4d9545cf87714bc190796c12{\nbackground-repeat:no-repeat;\nbackground-image:url(https:\/\/www.padifood.nl\/de\/wp-content\/uploads\/sites\/3\/2023\/01\/donker-background-1.jpg);\nbackground-position:0% 0%;\nbackground-attachment:fixed;\n}\n<\/style>\n<div id='av_section_1'  class='avia-section av-l8lyxm60-eebd498e4d9545cf87714bc190796c12 main_color avia-section-large avia-no-border-styling  avia-builder-el-0  el_before_av_section  avia-builder-el-first  avia-full-stretch avia-bg-style-fixed container_wrap sidebar_right'  data-section-bg-repeat='stretch'><div class='container av-section-cont-open' ><main  role=\"main\" itemprop=\"mainContentOfPage\"  class='template-page content  av-content-small alpha units'><div class='post-entry post-entry-type-page post-entry-67'><div class='entry-content-wrapper clearfix'>\n<div  class='flex_column av-9fm6v-339d5a11918898141c03e4ba1bb61a6f av_one_full  avia-builder-el-1  avia-builder-el-no-sibling  first flex_column_div  '     ><style type=\"text\/css\" data-created_by=\"avia_inline_auto\" id=\"style-css-av-l8m299i7-da03a9f313fa80ac4324ee813b25c34c\">\n#top .av_textblock_section.av-l8m299i7-da03a9f313fa80ac4324ee813b25c34c .avia_textblock{\nfont-size:25px;\ncolor:#ffffff;\n}\n<\/style>\n<section  class='av_textblock_section av-l8m299i7-da03a9f313fa80ac4324ee813b25c34c '   itemscope=\"itemscope\" itemtype=\"https:\/\/schema.org\/CreativeWork\" ><div class='avia_textblock kj-header-text-jobs av_inherit_color'  itemprop=\"text\" ><p style=\"text-align: center;\">Padifood w\u00e4chst!<\/p>\n<\/div><\/section><\/div>\n\n<\/div><\/div><\/main><!-- close content main element --><\/div><\/div>\n<style type=\"text\/css\" data-created_by=\"avia_inline_auto\" id=\"style-css-av-29gzb-fcbe4a17d13db855f959cf1ca1b3d73a\">\n.avia-section.av-29gzb-fcbe4a17d13db855f959cf1ca1b3d73a{\nbackground-repeat:no-repeat;\nbackground-image:url(https:\/\/www.padifood.nl\/de\/wp-content\/uploads\/sites\/3\/2023\/01\/achtergrond-1.jpg);\nbackground-position:0% 0%;\nbackground-attachment:scroll;\n}\n<\/style>\n<div id='av_section_2'  class='avia-section av-29gzb-fcbe4a17d13db855f959cf1ca1b3d73a main_color avia-section-default avia-no-border-styling  avia-builder-el-3  el_after_av_section  avia-builder-el-last  avia-full-stretch avia-bg-style-scroll container_wrap sidebar_right'  data-section-bg-repeat='stretch'><div class='container av-section-cont-open' ><div class='template-page content  av-content-small alpha units'><div class='post-entry post-entry-type-page post-entry-67'><div class='entry-content-wrapper clearfix'>\n\n<style type=\"text\/css\" data-created_by=\"avia_inline_auto\" id=\"style-css-av-fo04f-e570cbf185f408c802a584737ea0391c\">\n#top .flex_column.av-fo04f-e570cbf185f408c802a584737ea0391c{\nmargin-bottom:5px;\n}\n.responsive #top #wrap_all .flex_column.av-fo04f-e570cbf185f408c802a584737ea0391c{\nmargin-bottom:5px;\n}\n<\/style>\n<div  class='flex_column av-fo04f-e570cbf185f408c802a584737ea0391c av_one_full  avia-builder-el-4  avia-builder-el-no-sibling  first flex_column_div  '     ><style type=\"text\/css\" data-created_by=\"avia_inline_auto\" id=\"style-css-av-89l2n-5a99f1f7681230d305829f679392ee87\">\n#top .av_textblock_section.av-89l2n-5a99f1f7681230d305829f679392ee87 .avia_textblock{\ncolor:#cd141a;\n}\n<\/style>\n<section  class='av_textblock_section av-89l2n-5a99f1f7681230d305829f679392ee87 '   itemscope=\"itemscope\" itemtype=\"https:\/\/schema.org\/CreativeWork\" ><div class='avia_textblock av_inherit_color'  itemprop=\"text\" ><h1 style=\"text-align: center;\"><strong>Arbeiten mit Leidenschaft<\/strong><\/h1>\n<\/div><\/section><br \/>\n\n<style type=\"text\/css\" data-created_by=\"avia_inline_auto\" id=\"style-css-av-l8m2jlw2-99805fea4a6c5723caa96bf572b126bb\">\n#top .av_textblock_section.av-l8m2jlw2-99805fea4a6c5723caa96bf572b126bb .avia_textblock{\ncolor:#4d4d4d;\n}\n<\/style>\n<section  class='av_textblock_section av-l8m2jlw2-99805fea4a6c5723caa96bf572b126bb '   itemscope=\"itemscope\" itemtype=\"https:\/\/schema.org\/CreativeWork\" ><div class='avia_textblock av_inherit_color'  itemprop=\"text\" ><p style=\"text-align: center;\">Padifood w\u00e4chst! M\u00f6chten Sie an unserem Wachstum teilhaben und unser Team verst\u00e4rken? F\u00fchlen Sie sich wohl in einem Familienunternehmen, in dem jeden Tag mit Leidenschaft gearbeitet wird, und m\u00f6chten Sie Ihren Beitrag dazu leisten?<\/p>\n<\/div><\/section><br \/>\n\n<style type=\"text\/css\" data-created_by=\"avia_inline_auto\" id=\"style-css-av-l8m2kah8-fbd84e3a38dc589d6c79f220159740ea\">\n#top .av_textblock_section.av-l8m2kah8-fbd84e3a38dc589d6c79f220159740ea .avia_textblock{\ncolor:#cd141a;\n}\n<\/style>\n<section  class='av_textblock_section av-l8m2kah8-fbd84e3a38dc589d6c79f220159740ea '   itemscope=\"itemscope\" itemtype=\"https:\/\/schema.org\/CreativeWork\" ><div class='avia_textblock av_inherit_color'  itemprop=\"text\" ><h3 style=\"text-align: center;\"><strong>JETZT BEWERBEN!<\/strong><\/h3>\n<\/div><\/section><br \/>\n\n<style type=\"text\/css\" data-created_by=\"avia_inline_auto\" id=\"style-css-av-hgh3z-feaa834eb48bf94d2c80aff85cf6880c\">\n#top .hr.av-hgh3z-feaa834eb48bf94d2c80aff85cf6880c{\nmargin-top:-10px;\nmargin-bottom:0px;\n}\n.hr.av-hgh3z-feaa834eb48bf94d2c80aff85cf6880c .hr-inner{\nwidth:150px;\nborder-color:#4d4d4d;\n}\n<\/style>\n<div  class='hr av-hgh3z-feaa834eb48bf94d2c80aff85cf6880c hr-custom  avia-builder-el-8  el_after_av_textblock  el_before_av_textblock  hr-center hr-icon-no'><span class='hr-inner inner-border-av-border-fat'><span class=\"hr-inner-style\"><\/span><\/span><\/div><br \/>\n\n<style type=\"text\/css\" data-created_by=\"avia_inline_auto\" id=\"style-css-av-9cvfb-6c8dbc0faaf763730d81d1cde66e5de3\">\n#top .av_textblock_section.av-9cvfb-6c8dbc0faaf763730d81d1cde66e5de3 .avia_textblock{\ncolor:#4d4d4d;\n}\n<\/style>\n<section  class='av_textblock_section av-9cvfb-6c8dbc0faaf763730d81d1cde66e5de3 '   itemscope=\"itemscope\" itemtype=\"https:\/\/schema.org\/CreativeWork\" ><div class='avia_textblock kj-font-light av_inherit_color'  itemprop=\"text\" ><p>Padifood ist seit mehr als drei\u00dfig Jahren als professioneller und qualitativ hochwertiger Produzent von authentischen ostasiatischen Gerichten bekannt. In unserer modernen Produktionsumgebung sorgen wir gemeinsam mit unseren Kollegen t\u00e4glich f\u00fcr die leckersten frischen Mahlzeiten \u2013 sowohl f\u00fcr Superm\u00e4rkte als auch f\u00fcr Gro\u00dfk\u00fcchen und die Industrie. Trotz des stetigen Wachstums von Padifood bleiben die Werte des Familienunternehmens unver\u00e4ndert: beste frische Zutaten, traditionelle Rezepte und authentische Zubereitungsmethoden.<\/p>\n<\/div><\/section><\/p><\/div><\/div><\/div><\/div><!-- close content main div --><\/div><\/div><div id='after_section_2'  class='main_color av_default_container_wrap container_wrap sidebar_right'  ><div class='container av-section-cont-open' ><div class='template-page content  av-content-small alpha units'><div class='post-entry post-entry-type-page post-entry-67'><div class='entry-content-wrapper clearfix'>\n","protected":false},"excerpt":{"rendered":"","protected":false},"author":13,"featured_media":0,"parent":0,"menu_order":0,"comment_status":"open","ping_status":"open","template":"","meta":{"_acf_changed":false,"footnotes":""},"class_list":["post-67","page","type-page","status-publish","hentry"],"acf":[],"yoast_head":"<!-- This site is optimized with the Yoast SEO plugin v27.3 - https:\/\/yoast.com\/product\/yoast-seo-wordpress\/ -->\n<title>Jobs - Padifood Authentic Asian Cuisine<\/title>\n<meta name=\"description\" content=\"Padifood w\u00e4chst! Deshalb suchen wir neue, motivierte Kolleginnen und Kollegen. Etwas f\u00fcr dich? Dann bewirb dich jetzt!\" \/>\n<meta name=\"robots\" content=\"index, follow, max-snippet:-1, max-image-preview:large, max-video-preview:-1\" \/>\n<link rel=\"canonical\" href=\"https:\/\/www.padifood.nl\/de\/jobs\/\" \/>\n<meta property=\"og:locale\" content=\"de_DE\" \/>\n<meta property=\"og:type\" content=\"article\" \/>\n<meta property=\"og:title\" content=\"Jobs - Padifood Authentic Asian Cuisine\" \/>\n<meta property=\"og:description\" content=\"Padifood w\u00e4chst! Deshalb suchen wir neue, motivierte Kolleginnen und Kollegen. Etwas f\u00fcr dich? Dann bewirb dich jetzt!\" \/>\n<meta property=\"og:url\" content=\"https:\/\/www.padifood.nl\/de\/jobs\/\" \/>\n<meta property=\"og:site_name\" content=\"Padifood DE\" \/>\n<meta property=\"article:modified_time\" content=\"2025-04-14T12:05:25+00:00\" \/>\n<meta property=\"og:image\" content=\"https:\/\/www.padifood.nl\/de\/wp-content\/uploads\/sites\/3\/2023\/01\/assortiment-padifood.jpg\" \/>\n\t<meta property=\"og:image:width\" content=\"1920\" \/>\n\t<meta property=\"og:image:height\" content=\"641\" \/>\n\t<meta property=\"og:image:type\" content=\"image\/jpeg\" \/>\n<meta name=\"twitter:card\" content=\"summary_large_image\" \/>\n<meta name=\"twitter:label1\" content=\"Gesch\u00e4tzte Lesezeit\" \/>\n\t<meta name=\"twitter:data1\" content=\"1\u00a0Minute\" \/>\n<script type=\"application\/ld+json\" class=\"yoast-schema-graph\">{\"@context\":\"https:\\\/\\\/schema.org\",\"@graph\":[{\"@type\":\"WebPage\",\"@id\":\"https:\\\/\\\/www.padifood.nl\\\/de\\\/jobs\\\/\",\"url\":\"https:\\\/\\\/www.padifood.nl\\\/de\\\/jobs\\\/\",\"name\":\"Jobs - Padifood Authentic Asian Cuisine\",\"isPartOf\":{\"@id\":\"https:\\\/\\\/www.padifood.nl\\\/de\\\/#website\"},\"datePublished\":\"2022-06-29T13:43:52+00:00\",\"dateModified\":\"2025-04-14T12:05:25+00:00\",\"description\":\"Padifood w\u00e4chst! Deshalb suchen wir neue, motivierte Kolleginnen und Kollegen. Etwas f\u00fcr dich? Dann bewirb dich jetzt!\",\"breadcrumb\":{\"@id\":\"https:\\\/\\\/www.padifood.nl\\\/de\\\/jobs\\\/#breadcrumb\"},\"inLanguage\":\"de\",\"potentialAction\":[{\"@type\":\"ReadAction\",\"target\":[\"https:\\\/\\\/www.padifood.nl\\\/de\\\/jobs\\\/\"]}]},{\"@type\":\"BreadcrumbList\",\"@id\":\"https:\\\/\\\/www.padifood.nl\\\/de\\\/jobs\\\/#breadcrumb\",\"itemListElement\":[{\"@type\":\"ListItem\",\"position\":1,\"name\":\"Home\",\"item\":\"https:\\\/\\\/www.padifood.nl\\\/de\\\/\"},{\"@type\":\"ListItem\",\"position\":2,\"name\":\"Jobs\"}]},{\"@type\":\"WebSite\",\"@id\":\"https:\\\/\\\/www.padifood.nl\\\/de\\\/#website\",\"url\":\"https:\\\/\\\/www.padifood.nl\\\/de\\\/\",\"name\":\"Padifood\",\"description\":\"Authentic Asian Cuisine\",\"publisher\":{\"@id\":\"https:\\\/\\\/www.padifood.nl\\\/de\\\/#organization\"},\"potentialAction\":[{\"@type\":\"SearchAction\",\"target\":{\"@type\":\"EntryPoint\",\"urlTemplate\":\"https:\\\/\\\/www.padifood.nl\\\/de\\\/?s={search_term_string}\"},\"query-input\":{\"@type\":\"PropertyValueSpecification\",\"valueRequired\":true,\"valueName\":\"search_term_string\"}}],\"inLanguage\":\"de\"},{\"@type\":\"Organization\",\"@id\":\"https:\\\/\\\/www.padifood.nl\\\/de\\\/#organization\",\"name\":\"Padifood\",\"url\":\"https:\\\/\\\/www.padifood.nl\\\/de\\\/\",\"logo\":{\"@type\":\"ImageObject\",\"inLanguage\":\"de\",\"@id\":\"https:\\\/\\\/www.padifood.nl\\\/de\\\/#\\\/schema\\\/logo\\\/image\\\/\",\"url\":\"https:\\\/\\\/www.padifood.nl\\\/de\\\/wp-content\\\/uploads\\\/sites\\\/3\\\/2023\\\/01\\\/icon-padifood.png\",\"contentUrl\":\"https:\\\/\\\/www.padifood.nl\\\/de\\\/wp-content\\\/uploads\\\/sites\\\/3\\\/2023\\\/01\\\/icon-padifood.png\",\"width\":1024,\"height\":1021,\"caption\":\"Padifood\"},\"image\":{\"@id\":\"https:\\\/\\\/www.padifood.nl\\\/de\\\/#\\\/schema\\\/logo\\\/image\\\/\"},\"sameAs\":[\"https:\\\/\\\/www.linkedin.com\\\/company\\\/padifood-service-b.v.\\\/\"]}]}<\/script>\n<!-- \/ Yoast SEO plugin. -->","yoast_head_json":{"title":"Jobs - Padifood Authentic Asian Cuisine","description":"Padifood w\u00e4chst! Deshalb suchen wir neue, motivierte Kolleginnen und Kollegen. Etwas f\u00fcr dich? Dann bewirb dich jetzt!","robots":{"index":"index","follow":"follow","max-snippet":"max-snippet:-1","max-image-preview":"max-image-preview:large","max-video-preview":"max-video-preview:-1"},"canonical":"https:\/\/www.padifood.nl\/de\/jobs\/","og_locale":"de_DE","og_type":"article","og_title":"Jobs - Padifood Authentic Asian Cuisine","og_description":"Padifood w\u00e4chst! Deshalb suchen wir neue, motivierte Kolleginnen und Kollegen. Etwas f\u00fcr dich? Dann bewirb dich jetzt!","og_url":"https:\/\/www.padifood.nl\/de\/jobs\/","og_site_name":"Padifood DE","article_modified_time":"2025-04-14T12:05:25+00:00","og_image":[{"width":1920,"height":641,"url":"https:\/\/www.padifood.nl\/de\/wp-content\/uploads\/sites\/3\/2023\/01\/assortiment-padifood.jpg","type":"image\/jpeg"}],"twitter_card":"summary_large_image","twitter_misc":{"Gesch\u00e4tzte Lesezeit":"1\u00a0Minute"},"schema":{"@context":"https:\/\/schema.org","@graph":[{"@type":"WebPage","@id":"https:\/\/www.padifood.nl\/de\/jobs\/","url":"https:\/\/www.padifood.nl\/de\/jobs\/","name":"Jobs - Padifood Authentic Asian Cuisine","isPartOf":{"@id":"https:\/\/www.padifood.nl\/de\/#website"},"datePublished":"2022-06-29T13:43:52+00:00","dateModified":"2025-04-14T12:05:25+00:00","description":"Padifood w\u00e4chst! Deshalb suchen wir neue, motivierte Kolleginnen und Kollegen. Etwas f\u00fcr dich? Dann bewirb dich jetzt!","breadcrumb":{"@id":"https:\/\/www.padifood.nl\/de\/jobs\/#breadcrumb"},"inLanguage":"de","potentialAction":[{"@type":"ReadAction","target":["https:\/\/www.padifood.nl\/de\/jobs\/"]}]},{"@type":"BreadcrumbList","@id":"https:\/\/www.padifood.nl\/de\/jobs\/#breadcrumb","itemListElement":[{"@type":"ListItem","position":1,"name":"Home","item":"https:\/\/www.padifood.nl\/de\/"},{"@type":"ListItem","position":2,"name":"Jobs"}]},{"@type":"WebSite","@id":"https:\/\/www.padifood.nl\/de\/#website","url":"https:\/\/www.padifood.nl\/de\/","name":"Padifood","description":"Authentic Asian Cuisine","publisher":{"@id":"https:\/\/www.padifood.nl\/de\/#organization"},"potentialAction":[{"@type":"SearchAction","target":{"@type":"EntryPoint","urlTemplate":"https:\/\/www.padifood.nl\/de\/?s={search_term_string}"},"query-input":{"@type":"PropertyValueSpecification","valueRequired":true,"valueName":"search_term_string"}}],"inLanguage":"de"},{"@type":"Organization","@id":"https:\/\/www.padifood.nl\/de\/#organization","name":"Padifood","url":"https:\/\/www.padifood.nl\/de\/","logo":{"@type":"ImageObject","inLanguage":"de","@id":"https:\/\/www.padifood.nl\/de\/#\/schema\/logo\/image\/","url":"https:\/\/www.padifood.nl\/de\/wp-content\/uploads\/sites\/3\/2023\/01\/icon-padifood.png","contentUrl":"https:\/\/www.padifood.nl\/de\/wp-content\/uploads\/sites\/3\/2023\/01\/icon-padifood.png","width":1024,"height":1021,"caption":"Padifood"},"image":{"@id":"https:\/\/www.padifood.nl\/de\/#\/schema\/logo\/image\/"},"sameAs":["https:\/\/www.linkedin.com\/company\/padifood-service-b.v.\/"]}]}},"_links":{"self":[{"href":"https:\/\/www.padifood.nl\/de\/wp-json\/wp\/v2\/pages\/67","targetHints":{"allow":["GET"]}}],"collection":[{"href":"https:\/\/www.padifood.nl\/de\/wp-json\/wp\/v2\/pages"}],"about":[{"href":"https:\/\/www.padifood.nl\/de\/wp-json\/wp\/v2\/types\/page"}],"author":[{"embeddable":true,"href":"https:\/\/www.padifood.nl\/de\/wp-json\/wp\/v2\/users\/13"}],"replies":[{"embeddable":true,"href":"https:\/\/www.padifood.nl\/de\/wp-json\/wp\/v2\/comments?post=67"}],"version-history":[{"count":10,"href":"https:\/\/www.padifood.nl\/de\/wp-json\/wp\/v2\/pages\/67\/revisions"}],"predecessor-version":[{"id":480,"href":"https:\/\/www.padifood.nl\/de\/wp-json\/wp\/v2\/pages\/67\/revisions\/480"}],"wp:attachment":[{"href":"https:\/\/www.padifood.nl\/de\/wp-json\/wp\/v2\/media?parent=67"}],"curies":[{"name":"wp","href":"https:\/\/api.w.org\/{rel}","templated":true}]}}